{"id":351,"date":"2023-07-05T15:53:29","date_gmt":"2023-07-05T15:53:29","guid":{"rendered":"https:\/\/assisoft-kitdigital.com\/fruitescivit\/?page_id=351"},"modified":"2024-12-11T15:11:26","modified_gmt":"2024-12-11T15:11:26","slug":"historia","status":"publish","type":"page","link":"https:\/\/fruitescivit.cat\/esp\/historia\/","title":{"rendered":"Historia"},"content":{"rendered":"[et_pb_section fb_built=&#8221;1&#8243; _builder_version=&#8221;4.24.2&#8243; _module_preset=&#8221;default&#8221; use_background_color_gradient=&#8221;on&#8221; background_color_gradient_stops=&#8221;rgba(0,0,0,0.2) 0%|rgba(0,0,0,0.2) 100%&#8221; background_color_gradient_overlays_image=&#8221;on&#8221; background_image=&#8221;https:\/\/fruitescivit.cat\/wp-content\/uploads\/2023\/07\/fruites-1-scaled.jpeg&#8221; height=&#8221;103vh&#8221; custom_margin=&#8221;-100px||||false|false&#8221; hover_enabled=&#8221;0&#8243; global_colors_info=&#8221;{}&#8221; sticky_enabled=&#8221;0&#8243;][et_pb_row make_equal=&#8221;on&#8221; _builder_version=&#8221;4.24.2&#8243; _module_preset=&#8221;default&#8221; max_width=&#8221;1300px&#8221; height=&#8221;100%&#8221; hover_enabled=&#8221;0&#8243; global_colors_info=&#8221;{}&#8221; sticky_enabled=&#8221;0&#8243; custom_css_main_element=&#8221;display: flex;||flex-direction: column;||justify-content: center;&#8221;][et_pb_column type=&#8221;4_4&#8243; _builder_version=&#8221;4.24.2&#8243; _module_preset=&#8221;default&#8221; hover_enabled=&#8221;0&#8243; global_colors_info=&#8221;{}&#8221; sticky_enabled=&#8221;0&#8243;][et_pb_text _builder_version=&#8221;4.24.2&#8243; _module_preset=&#8221;default&#8221; header_font=&#8221;Poppins||||||||&#8221; header_text_color=&#8221;#FFFFFF&#8221; header_font_size=&#8221;60px&#8221; custom_margin=&#8221;||10px||false|false&#8221; global_colors_info=&#8221;{}&#8221;]<h1>Nuestra empresa<\/h1>[\/et_pb_text][et_pb_divider color=&#8221;#054DA3&#8243; divider_weight=&#8221;3px&#8221; _builder_version=&#8221;4.21.0&#8243; _module_preset=&#8221;default&#8221; width=&#8221;30%&#8221; locked=&#8221;off&#8221; global_colors_info=&#8221;{}&#8221;][\/et_pb_divider][\/et_pb_column][\/et_pb_row][\/et_pb_section][et_pb_section fb_built=&#8221;1&#8243; _builder_version=&#8221;4.21.0&#8243; _module_preset=&#8221;default&#8221; global_colors_info=&#8221;{}&#8221;][et_pb_row column_structure=&#8221;1_2,1_2&#8243; make_equal=&#8221;on&#8221; _builder_version=&#8221;4.21.0&#8243; _module_preset=&#8221;default&#8221; max_width=&#8221;1300px&#8221; global_colors_info=&#8221;{}&#8221;][et_pb_column type=&#8221;1_2&#8243; _builder_version=&#8221;4.21.0&#8243; _module_preset=&#8221;default&#8221; global_colors_info=&#8221;{}&#8221;][et_pb_text _builder_version=&#8221;4.21.0&#8243; _module_preset=&#8221;default&#8221; header_2_font=&#8221;Montserrat|||on|||||&#8221; header_2_font_size=&#8221;36px&#8221; custom_margin=&#8221;||15px||false|false&#8221; global_colors_info=&#8221;{}&#8221;]<h2>Historia<\/h2>[\/et_pb_text][et_pb_divider color=&#8221;#054DA3&#8243; divider_weight=&#8221;3px&#8221; _builder_version=&#8221;4.21.0&#8243; _module_preset=&#8221;default&#8221; width=&#8221;30%&#8221; global_colors_info=&#8221;{}&#8221;][\/et_pb_divider][et_pb_text _builder_version=&#8221;4.21.0&#8243; _module_preset=&#8221;default&#8221; text_font=&#8221;Poppins|300|||||||&#8221; global_colors_info=&#8221;{}&#8221;]<p>FRUITES CIVIT es la evoluci\u00f3n hasta este momento del trabajo iniciado hace cerca de 100 a\u00f1os por los antepasados de Llu\u00eds Civit Fort en los que gracias al trabajo, esfuerzo y dedicaci\u00f3n ha logrado situarse al frente de la distribuci\u00f3n en el Camp de Tarragona.<\/p>\n<p><strong>Valores como proximidad, calidad de los productos, innovaci\u00f3n junto a un equipo humano experimentado<\/strong> ofrece todo su soporte y orientaci\u00f3n a un gran abanico de clientes desde la peque\u00f1a tienda hasta grandes colectividades, caterings, hosteler\u00eda y sector tur\u00edstico.<\/p>\n<p>Nuestra especializaci\u00f3n es la distribuci\u00f3n de fruta y verdura fresca, productos gourmet y de 4\u00aa gama de hosteler\u00eda siendo gracias a nuestros medios log\u00edsticos la proximidad y lo inmediato en la entrega de pedidos uno de nuestros puntos fuertes.<\/p>[\/et_pb_text][\/et_pb_column][et_pb_column type=&#8221;1_2&#8243; _builder_version=&#8221;4.21.0&#8243; _module_preset=&#8221;default&#8221; custom_css_main_element=&#8221;display: flex;||flex-direction: column;||justify-content: center;&#8221; global_colors_info=&#8221;{}&#8221;][et_pb_image src=&#8221;https:\/\/fruitescivit.cat\/wp-content\/uploads\/2023\/07\/caixa-verdures-scaled.jpeg&#8221; alt=&#8221;Caixa de verdures de Fruites Civit&#8221; title_text=&#8221;Caixa de verdures de Fruites Civit&#8221; _builder_version=&#8221;4.21.0&#8243; _module_preset=&#8221;default&#8221; global_colors_info=&#8221;{}&#8221;][\/et_pb_image][\/et_pb_column][\/et_pb_row][\/et_pb_section]","protected":false},"excerpt":{"rendered":"<p>La nostra empresaHist\u00f2riaFRUITES CIVIT \u00e9s l\u2019evoluci\u00f3 fins aquest moment del treball iniciat fa prop de 100 anys pels avantpassats de Llu\u00eds Civit Fort en qu\u00e8 gr\u00e0cies al treball, esfor\u00e7 i dedicaci\u00f3 ha aconseguit situar-se al capdavant de la distribuci\u00f3 al Camp de Tarragona. Valors com proximitat, qualitat dels productes, innovaci\u00f3 al costat d&#8217;un equip hum\u00e0 [&hellip;]<\/p>","protected":false},"author":1,"featured_media":0,"parent":0,"menu_order":0,"comment_status":"closed","ping_status":"open","template":"","meta":{"_et_pb_use_builder":"on","_et_pb_old_content":"","_et_gb_content_width":"","footnotes":""},"class_list":["post-351","page","type-page","status-publish","hentry"],"yoast_head":"<!-- This site is optimized with the Yoast SEO plugin v27.5 - https:\/\/yoast.com\/product\/yoast-seo-wordpress\/ -->\n<title>Hist\u00f2ria - Fruites Civit<\/title>\n<meta name=\"description\" content=\"Fruites Civit: l\u00edder en distribuci\u00f3 de fruites, verdures i productes gurmet a Tarragona. Qualitat, proximitat i innovaci\u00f3.\" \/>\n<meta name=\"robots\" content=\"index, follow, max-snippet:-1, max-image-preview:large, max-video-preview:-1\" \/>\n<link rel=\"canonical\" href=\"https:\/\/fruitescivit.cat\/esp\/historia\/\" \/>\n<meta property=\"og:locale\" content=\"es_ES\" \/>\n<meta property=\"og:type\" content=\"article\" \/>\n<meta property=\"og:title\" content=\"Hist\u00f2ria - Fruites Civit\" \/>\n<meta property=\"og:description\" content=\"Fruites Civit: l\u00edder en distribuci\u00f3 de fruites, verdures i productes gurmet a Tarragona. Qualitat, proximitat i innovaci\u00f3.\" \/>\n<meta property=\"og:url\" content=\"https:\/\/fruitescivit.cat\/esp\/historia\/\" \/>\n<meta property=\"og:site_name\" content=\"Fruites Civit\" \/>\n<meta property=\"article:publisher\" content=\"https:\/\/www.facebook.com\/profile.php?id=61557003505365\" \/>\n<meta property=\"article:modified_time\" content=\"2024-12-11T15:11:26+00:00\" \/>\n<meta name=\"twitter:card\" content=\"summary_large_image\" \/>\n<meta name=\"twitter:label1\" content=\"Tiempo de lectura\" \/>\n\t<meta name=\"twitter:data1\" content=\"1 minuto\" \/>\n<script type=\"application\/ld+json\" class=\"yoast-schema-graph\">{\"@context\":\"https:\\\/\\\/schema.org\",\"@graph\":[{\"@type\":\"WebPage\",\"@id\":\"https:\\\/\\\/fruitescivit.cat\\\/historia\\\/\",\"url\":\"https:\\\/\\\/fruitescivit.cat\\\/historia\\\/\",\"name\":\"Hist\u00f2ria - Fruites Civit\",\"isPartOf\":{\"@id\":\"https:\\\/\\\/fruitescivit.cat\\\/#website\"},\"datePublished\":\"2023-07-05T15:53:29+00:00\",\"dateModified\":\"2024-12-11T15:11:26+00:00\",\"description\":\"Fruites Civit: l\u00edder en distribuci\u00f3 de fruites, verdures i productes gurmet a Tarragona. Qualitat, proximitat i innovaci\u00f3.\",\"breadcrumb\":{\"@id\":\"https:\\\/\\\/fruitescivit.cat\\\/historia\\\/#breadcrumb\"},\"inLanguage\":\"es\",\"potentialAction\":[{\"@type\":\"ReadAction\",\"target\":[\"https:\\\/\\\/fruitescivit.cat\\\/historia\\\/\"]}]},{\"@type\":\"BreadcrumbList\",\"@id\":\"https:\\\/\\\/fruitescivit.cat\\\/historia\\\/#breadcrumb\",\"itemListElement\":[{\"@type\":\"ListItem\",\"position\":1,\"name\":\"Inici\",\"item\":\"https:\\\/\\\/fruitescivit.cat\\\/\"},{\"@type\":\"ListItem\",\"position\":2,\"name\":\"Hist\u00f2ria\"}]},{\"@type\":\"WebSite\",\"@id\":\"https:\\\/\\\/fruitescivit.cat\\\/#website\",\"url\":\"https:\\\/\\\/fruitescivit.cat\\\/\",\"name\":\"Fruites Civit\",\"description\":\"Distribuidor majorista de fruites i verdures\",\"publisher\":{\"@id\":\"https:\\\/\\\/fruitescivit.cat\\\/#organization\"},\"inLanguage\":\"es\"},{\"@type\":\"Organization\",\"@id\":\"https:\\\/\\\/fruitescivit.cat\\\/#organization\",\"name\":\"Fruites Civit\",\"url\":\"https:\\\/\\\/fruitescivit.cat\\\/\",\"logo\":{\"@type\":\"ImageObject\",\"inLanguage\":\"es\",\"@id\":\"https:\\\/\\\/fruitescivit.cat\\\/#\\\/schema\\\/logo\\\/image\\\/\",\"url\":\"https:\\\/\\\/fruitescivit.cat\\\/wp-content\\\/uploads\\\/2023\\\/07\\\/logo-fruites-civit.png\",\"contentUrl\":\"https:\\\/\\\/fruitescivit.cat\\\/wp-content\\\/uploads\\\/2023\\\/07\\\/logo-fruites-civit.png\",\"width\":238,\"height\":208,\"caption\":\"Fruites Civit\"},\"image\":{\"@id\":\"https:\\\/\\\/fruitescivit.cat\\\/#\\\/schema\\\/logo\\\/image\\\/\"},\"sameAs\":[\"https:\\\/\\\/www.facebook.com\\\/profile.php?id=61557003505365\",\"https:\\\/\\\/www.instagram.com\\\/fruitescivitcat\\\/\"]}]}<\/script>\n<!-- \/ Yoast SEO plugin. -->","yoast_head_json":{"title":"Hist\u00f2ria - Fruites Civit","description":"Fruites Civit: l\u00edder en distribuci\u00f3 de fruites, verdures i productes gurmet a Tarragona. Qualitat, proximitat i innovaci\u00f3.","robots":{"index":"index","follow":"follow","max-snippet":"max-snippet:-1","max-image-preview":"max-image-preview:large","max-video-preview":"max-video-preview:-1"},"canonical":"https:\/\/fruitescivit.cat\/esp\/historia\/","og_locale":"es_ES","og_type":"article","og_title":"Hist\u00f2ria - Fruites Civit","og_description":"Fruites Civit: l\u00edder en distribuci\u00f3 de fruites, verdures i productes gurmet a Tarragona. Qualitat, proximitat i innovaci\u00f3.","og_url":"https:\/\/fruitescivit.cat\/esp\/historia\/","og_site_name":"Fruites Civit","article_publisher":"https:\/\/www.facebook.com\/profile.php?id=61557003505365","article_modified_time":"2024-12-11T15:11:26+00:00","twitter_card":"summary_large_image","twitter_misc":{"Tiempo de lectura":"1 minuto"},"schema":{"@context":"https:\/\/schema.org","@graph":[{"@type":"WebPage","@id":"https:\/\/fruitescivit.cat\/historia\/","url":"https:\/\/fruitescivit.cat\/historia\/","name":"Hist\u00f2ria - Fruites Civit","isPartOf":{"@id":"https:\/\/fruitescivit.cat\/#website"},"datePublished":"2023-07-05T15:53:29+00:00","dateModified":"2024-12-11T15:11:26+00:00","description":"Fruites Civit: l\u00edder en distribuci\u00f3 de fruites, verdures i productes gurmet a Tarragona. Qualitat, proximitat i innovaci\u00f3.","breadcrumb":{"@id":"https:\/\/fruitescivit.cat\/historia\/#breadcrumb"},"inLanguage":"es","potentialAction":[{"@type":"ReadAction","target":["https:\/\/fruitescivit.cat\/historia\/"]}]},{"@type":"BreadcrumbList","@id":"https:\/\/fruitescivit.cat\/historia\/#breadcrumb","itemListElement":[{"@type":"ListItem","position":1,"name":"Inici","item":"https:\/\/fruitescivit.cat\/"},{"@type":"ListItem","position":2,"name":"Hist\u00f2ria"}]},{"@type":"WebSite","@id":"https:\/\/fruitescivit.cat\/#website","url":"https:\/\/fruitescivit.cat\/","name":"Fruites Civit","description":"Distribuidor majorista de fruites i verdures","publisher":{"@id":"https:\/\/fruitescivit.cat\/#organization"},"inLanguage":"es"},{"@type":"Organization","@id":"https:\/\/fruitescivit.cat\/#organization","name":"Fruites Civit","url":"https:\/\/fruitescivit.cat\/","logo":{"@type":"ImageObject","inLanguage":"es","@id":"https:\/\/fruitescivit.cat\/#\/schema\/logo\/image\/","url":"https:\/\/fruitescivit.cat\/wp-content\/uploads\/2023\/07\/logo-fruites-civit.png","contentUrl":"https:\/\/fruitescivit.cat\/wp-content\/uploads\/2023\/07\/logo-fruites-civit.png","width":238,"height":208,"caption":"Fruites Civit"},"image":{"@id":"https:\/\/fruitescivit.cat\/#\/schema\/logo\/image\/"},"sameAs":["https:\/\/www.facebook.com\/profile.php?id=61557003505365","https:\/\/www.instagram.com\/fruitescivitcat\/"]}]}},"_links":{"self":[{"href":"https:\/\/fruitescivit.cat\/esp\/wp-json\/wp\/v2\/pages\/351","targetHints":{"allow":["GET"]}}],"collection":[{"href":"https:\/\/fruitescivit.cat\/esp\/wp-json\/wp\/v2\/pages"}],"about":[{"href":"https:\/\/fruitescivit.cat\/esp\/wp-json\/wp\/v2\/types\/page"}],"author":[{"embeddable":true,"href":"https:\/\/fruitescivit.cat\/esp\/wp-json\/wp\/v2\/users\/1"}],"replies":[{"embeddable":true,"href":"https:\/\/fruitescivit.cat\/esp\/wp-json\/wp\/v2\/comments?post=351"}],"version-history":[{"count":35,"href":"https:\/\/fruitescivit.cat\/esp\/wp-json\/wp\/v2\/pages\/351\/revisions"}],"predecessor-version":[{"id":1598,"href":"https:\/\/fruitescivit.cat\/esp\/wp-json\/wp\/v2\/pages\/351\/revisions\/1598"}],"wp:attachment":[{"href":"https:\/\/fruitescivit.cat\/esp\/wp-json\/wp\/v2\/media?parent=351"}],"curies":[{"name":"wp","href":"https:\/\/api.w.org\/{rel}","templated":true}]}}